{"id":190,"date":"2025-11-17T15:33:28","date_gmt":"2025-11-17T18:33:28","guid":{"rendered":"https:\/\/www.prueba.inspeccioneschile.cl\/?page_id=190"},"modified":"2025-12-09T12:22:12","modified_gmt":"2025-12-09T15:22:12","slug":"contacto","status":"publish","type":"page","link":"https:\/\/www.inspeccioneschile.cl\/?page_id=190","title":{"rendered":"contacto"},"content":{"rendered":"\n<div class=\"wp-block-group alignfull has-lower-background-background-color has-background is-layout-constrained wp-container-core-group-is-layout-06519cc4 wp-block-group-is-layout-constrained\" style=\"border-style:none;border-width:0px;padding-top:var(--wp--preset--spacing--50);padding-right:var(--wp--preset--spacing--40);padding-bottom:var(--wp--preset--spacing--50);padding-left:var(--wp--preset--spacing--40)\">\n<div class=\"wp-block-group alignwide is-layout-flow wp-container-core-group-is-layout-845e8036 wp-block-group-is-layout-flow\" style=\"margin-top:0;margin-bottom:0\">\n<div class=\"wp-block-group is-content-justification-left is-layout-constrained wp-container-core-group-is-layout-9f1b773b wp-block-group-is-layout-constrained\" style=\"border-style:none;border-width:0px;padding-top:0;padding-bottom:var(--wp--preset--spacing--10)\">\n<p class=\"wp-block-paragraph\">Si desea contactarnos<\/p>\n<\/div>\n\n\n\n<div class=\"wp-block-group is-content-justification-space-between is-layout-flex wp-container-core-group-is-layout-73f4bc55 wp-block-group-is-layout-flex\" style=\"border-top-color:var(--wp--preset--color--tertiary);border-top-width:2px;border-right-color:var(--wp--preset--color--tertiary);border-right-width:2px;margin-bottom:50px;padding-top:var(--wp--preset--spacing--20);padding-right:var(--wp--preset--spacing--30)\">\n<h2 class=\"wp-block-heading has-text-align-left has-main-title-font-size\" id=\"lo-que-ofrecemos-1\" style=\"border-top-color:var(--wp--preset--color--tertiary);border-top-style:none;border-top-width:0px;border-right-color:var(--wp--preset--color--tertiary);border-right-style:none;border-right-width:0px;border-bottom-style:none;border-bottom-width:0px;border-left-style:none;border-left-width:0px;margin-bottom:0px;margin-left:0;padding-top:0;padding-bottom:0\">Contamos con varias opciones <\/h2>\n\n\n\n<p class=\"has-foreground-color has-text-color has-link-color has-extra-small-font-size wp-elements-7080fca43d67f1a9d7816d87715a7734 wp-container-content-759e20a8 wp-block-paragraph\" style=\"font-style:normal;font-weight:600\"><\/p>\n<\/div>\n<\/div>\n\n\n\n<div class=\"wp-block-group alignwide is-layout-constrained wp-container-core-group-is-layout-ffac805c wp-block-group-is-layout-constrained\">\n<div class=\"wp-block-group alignwide is-layout-grid wp-container-core-group-is-layout-0a94b517 wp-block-group-is-layout-grid\">\n<div class=\"wp-block-group alignwide has-background-secondary-background-color has-background is-layout-constrained wp-container-core-group-is-layout-67f9d85b wp-block-group-is-layout-constrained\" style=\"padding-top:30px;padding-right:30px;padding-bottom:30px;padding-left:30px\">\n<div class=\"wp-block-group alignwide is-vertical is-layout-flex wp-container-core-group-is-layout-64c41c65 wp-block-group-is-layout-flex\" style=\"padding-bottom:15px\">\n<figure class=\"wp-block-image aligncenter size-full is-resized wp-duotone-fff-ffffff-1\"><img loading=\"lazy\" decoding=\"async\" width=\"618\" height=\"506\" src=\"https:\/\/www.prueba.inspeccioneschile.cl\/wp-content\/uploads\/2025\/11\/quejas.png\" alt=\"\" class=\"wp-image-219\" style=\"width:45px\" srcset=\"https:\/\/www.inspeccioneschile.cl\/wp-content\/uploads\/2025\/11\/quejas.png 618w, https:\/\/www.inspeccioneschile.cl\/wp-content\/uploads\/2025\/11\/quejas-300x246.png 300w\" sizes=\"auto, (max-width: 618px) 100vw, 618px\" \/><\/figure>\n<\/div>\n\n\n\n<div class=\"wp-block-group is-layout-flow wp-container-core-group-is-layout-49d9c14d wp-block-group-is-layout-flow\" style=\"padding-top:0;padding-right:0;padding-bottom:0;padding-left:0\">\n<h3 class=\"wp-block-heading has-text-align-left\" id=\"reestructuracion-1\" style=\"margin-top:0px;margin-right:0px;margin-bottom:var(--wp--preset--spacing--20);margin-left:0;font-style:normal;font-weight:400\">Reclamos y Sugerencias<\/h3>\n\n\n\n<p class=\"wp-block-paragraph\">Una ves se ingresa una queja se revisara el cual se realizara una investigaci\u00f3n al \u00e1rea para mejorar nuestros servicios.<\/p>\n\n\n\n<p class=\"has-foreground-color has-text-color has-link-color has-extra-small-font-size wp-elements-c355bdc22f99b2b4cd3c4bf48bd8f3b7 wp-block-paragraph\" style=\"font-style:normal;font-weight:600\"><\/p>\n<\/div>\n<\/div>\n\n\n\n<div class=\"wp-block-group alignwide has-background-secondary-background-color has-background is-layout-constrained wp-container-core-group-is-layout-67f9d85b wp-block-group-is-layout-constrained\" style=\"padding-top:30px;padding-right:30px;padding-bottom:30px;padding-left:30px\">\n<div class=\"wp-block-group alignwide is-vertical is-layout-flex wp-container-core-group-is-layout-64c41c65 wp-block-group-is-layout-flex\" style=\"padding-bottom:15px\">\n<figure class=\"wp-block-image aligncenter size-full is-resized wp-duotone-fff-ffffff-2\"><img loading=\"lazy\" decoding=\"async\" width=\"817\" height=\"817\" src=\"https:\/\/www.prueba.inspeccioneschile.cl\/wp-content\/uploads\/2025\/11\/felicitaciones.png\" alt=\"\" class=\"wp-image-220\" style=\"width:45px\" srcset=\"https:\/\/www.inspeccioneschile.cl\/wp-content\/uploads\/2025\/11\/felicitaciones.png 817w, https:\/\/www.inspeccioneschile.cl\/wp-content\/uploads\/2025\/11\/felicitaciones-300x300.png 300w, https:\/\/www.inspeccioneschile.cl\/wp-content\/uploads\/2025\/11\/felicitaciones-150x150.png 150w, https:\/\/www.inspeccioneschile.cl\/wp-content\/uploads\/2025\/11\/felicitaciones-768x768.png 768w\" sizes=\"auto, (max-width: 817px) 100vw, 817px\" \/><\/figure>\n<\/div>\n\n\n\n<div class=\"wp-block-group is-layout-flow wp-container-core-group-is-layout-99f85305 wp-block-group-is-layout-flow\">\n<h3 class=\"wp-block-heading has-text-align-left\" id=\"buen-planteamiento-1\" style=\"margin-top:0px;margin-right:10px;margin-bottom:10px\">Felicitaciones<\/h3>\n\n\n\n<p class=\"wp-block-paragraph\">Si desea felicitar nuestros servicios o alg\u00fan colaborador de esta manera nos ayuda a seguir mejorando.<\/p>\n\n\n\n<p class=\"has-foreground-color has-text-color has-link-color has-extra-small-font-size wp-elements-c355bdc22f99b2b4cd3c4bf48bd8f3b7 wp-block-paragraph\" style=\"font-style:normal;font-weight:600\"><\/p>\n<\/div>\n<\/div>\n\n\n\n<div class=\"wp-block-group alignwide has-background-secondary-background-color has-background is-layout-constrained wp-container-core-group-is-layout-67f9d85b wp-block-group-is-layout-constrained\" style=\"padding-top:30px;padding-right:30px;padding-bottom:30px;padding-left:30px\">\n<div class=\"wp-block-group alignwide is-vertical is-layout-flex wp-container-core-group-is-layout-64c41c65 wp-block-group-is-layout-flex\" style=\"padding-bottom:15px\">\n<figure class=\"wp-block-image aligncenter size-full is-resized wp-duotone-fff-ffffff-3\"><img loading=\"lazy\" decoding=\"async\" width=\"838\" height=\"643\" src=\"https:\/\/www.prueba.inspeccioneschile.cl\/wp-content\/uploads\/2025\/11\/cotizar.png\" alt=\"\" class=\"wp-image-223\" style=\"width:45px\" srcset=\"https:\/\/www.inspeccioneschile.cl\/wp-content\/uploads\/2025\/11\/cotizar.png 838w, https:\/\/www.inspeccioneschile.cl\/wp-content\/uploads\/2025\/11\/cotizar-300x230.png 300w, https:\/\/www.inspeccioneschile.cl\/wp-content\/uploads\/2025\/11\/cotizar-768x589.png 768w\" sizes=\"auto, (max-width: 838px) 100vw, 838px\" \/><\/figure>\n<\/div>\n\n\n\n<div class=\"wp-block-group is-layout-flow wp-container-core-group-is-layout-99f85305 wp-block-group-is-layout-flow\">\n<h3 class=\"wp-block-heading has-text-align-left\" id=\"estrategia-1\" style=\"margin-top:0px;margin-right:10px;margin-bottom:10px\">Cotizar<\/h3>\n\n\n\n<p class=\"wp-block-paragraph\">Si desea una cotizaci\u00f3n de un servicio escribanos y nos pondremos en contacto con usted.<\/p>\n\n\n\n<p class=\"has-foreground-color has-text-color has-link-color has-extra-small-font-size wp-elements-c355bdc22f99b2b4cd3c4bf48bd8f3b7 wp-block-paragraph\" style=\"font-style:normal;font-weight:600\"><\/p>\n<\/div>\n<\/div>\n\n\n\n<div class=\"wp-block-group alignwide has-background-secondary-background-color has-background is-layout-constrained wp-container-core-group-is-layout-67f9d85b wp-block-group-is-layout-constrained\" style=\"padding-top:30px;padding-right:30px;padding-bottom:30px;padding-left:30px\">\n<div class=\"wp-block-group alignwide is-vertical is-layout-flex wp-container-core-group-is-layout-64c41c65 wp-block-group-is-layout-flex\" style=\"padding-bottom:15px\">\n<figure class=\"wp-block-image aligncenter size-full is-resized wp-duotone-fff-ffffff-4\"><img loading=\"lazy\" decoding=\"async\" width=\"571\" height=\"823\" src=\"https:\/\/www.prueba.inspeccioneschile.cl\/wp-content\/uploads\/2025\/11\/protocolo.png\" alt=\"\" class=\"wp-image-224\" style=\"width:45px\" srcset=\"https:\/\/www.inspeccioneschile.cl\/wp-content\/uploads\/2025\/11\/protocolo.png 571w, https:\/\/www.inspeccioneschile.cl\/wp-content\/uploads\/2025\/11\/protocolo-208x300.png 208w\" sizes=\"auto, (max-width: 571px) 100vw, 571px\" \/><\/figure>\n<\/div>\n\n\n\n<div class=\"wp-block-group is-layout-flow wp-container-core-group-is-layout-99f85305 wp-block-group-is-layout-flow\">\n<h3 class=\"wp-block-heading has-text-align-left\" id=\"planificacion-financiera-1\" style=\"margin-top:0px;margin-right:10px;margin-bottom:10px\">Protocolo Reclamos<\/h3>\n\n\n\n<p class=\"wp-block-paragraph\">Una ves ingrese una queja se enviara respuesta dentro de 10 d\u00edas h\u00e1biles desde que se inicia la investigaci\u00f3n.<\/p>\n\n\n\n<p class=\"has-foreground-color has-text-color has-link-color has-extra-small-font-size wp-elements-c355bdc22f99b2b4cd3c4bf48bd8f3b7 wp-block-paragraph\" style=\"font-style:normal;font-weight:600\"><\/p>\n<\/div>\n<\/div>\n<\/div>\n<\/div>\n<\/div>\n\n\n<style id=\"wpforms-css-vars-144-block-163c2cc8-96d1-42dc-b683-11d2b9470c27\">\n\t\t\t\t#wpforms-144.wpforms-block-163c2cc8-96d1-42dc-b683-11d2b9470c27 {\n\t\t\t\t--wpforms-label-color: #ec7b60;\n--wpforms-label-sublabel-color: #fff;\n--wpforms-field-background-color: #fff;\n--wpforms-field-border-color: #ed683e;\n--wpforms-field-border-color-spare: #ed683e;\n--wpforms-field-text-color: #ed683e;\n--wpforms-field-menu-color: rgba( 0, 0, 0, 0 );\n--wpforms-button-background-color: #ec7b60;\n--wpforms-field-size-input-height: 31px;\n--wpforms-field-size-input-spacing: 10px;\n--wpforms-field-size-font-size: 14px;\n--wpforms-field-size-line-height: 17px;\n--wpforms-field-size-padding-h: 9px;\n--wpforms-field-size-checkbox-size: 14px;\n--wpforms-field-size-sublabel-spacing: 5px;\n--wpforms-field-size-icon-size: 0.75;\n--wpforms-label-size-font-size: 16px;\n--wpforms-label-size-line-height: 19px;\n--wpforms-label-size-sublabel-font-size: 14px;\n--wpforms-label-size-sublabel-line-height: 17px;\n--wpforms-button-size-font-size: 17px;\n--wpforms-button-size-height: 41px;\n--wpforms-button-size-padding-h: 15px;\n--wpforms-button-size-margin-top: 10px;\n\t\t\t}\n\t\t\t<\/style><div class=\"wpforms-container wpforms-container-full wpforms-block wpforms-block-163c2cc8-96d1-42dc-b683-11d2b9470c27 wpforms-render-modern\" id=\"wpforms-144\"><form id=\"wpforms-form-144\" class=\"wpforms-validate wpforms-form wpforms-ajax-form\" data-formid=\"144\" method=\"post\" enctype=\"multipart\/form-data\" action=\"\/index.php?rest_route=%2Fwp%2Fv2%2Fpages%2F190\" data-token=\"ed697ae643f80e6f3a5f8774b85f7eba\" data-token-time=\"1775270480\"><noscript class=\"wpforms-error-noscript\">Por favor, activa JavaScript en tu navegador para completar este formulario.<\/noscript><div id=\"wpforms-error-noscript\" style=\"display: none;\">Por favor, activa JavaScript en tu navegador para completar este formulario.<\/div><div class=\"wpforms-field-container\"><div id=\"wpforms-144-field_2-container\" class=\"wpforms-field wpforms-field-text\" data-field-id=\"2\"><label class=\"wpforms-field-label\" for=\"wpforms-144-field_2\">Empresa<\/label><input type=\"text\" id=\"wpforms-144-field_2\" class=\"wpforms-field-medium\" name=\"wpforms[fields][2]\" aria-errormessage=\"wpforms-144-field_2-error\" ><\/div><div id=\"wpforms-144-field_3-container\" class=\"wpforms-field wpforms-field-text\" data-field-id=\"3\"><label class=\"wpforms-field-label\" for=\"wpforms-144-field_3\">Correo electronico<\/label><input type=\"text\" id=\"wpforms-144-field_3\" class=\"wpforms-field-medium\" name=\"wpforms[fields][3]\" aria-errormessage=\"wpforms-144-field_3-error\" ><\/div><div id=\"wpforms-144-field_8-container\" class=\"wpforms-field wpforms-field-name\" data-field-id=\"8\"><fieldset><legend class=\"wpforms-field-label\">Nombre <span class=\"wpforms-required-label\" aria-hidden=\"true\">*<\/span><\/legend><div class=\"wpforms-field-row wpforms-field-medium\"><div class=\"wpforms-field-row-block wpforms-first wpforms-one-half\"><input type=\"text\" id=\"wpforms-144-field_8\" class=\"wpforms-field-name-first wpforms-field-required\" name=\"wpforms[fields][8][first]\" aria-errormessage=\"wpforms-144-field_8-error\" required><label for=\"wpforms-144-field_8\" class=\"wpforms-field-sublabel after\">Nombre<\/label><\/div><div class=\"wpforms-field-row-block wpforms-one-half\"><input type=\"text\" id=\"wpforms-144-field_8-last\" class=\"wpforms-field-name-last wpforms-field-required\" name=\"wpforms[fields][8][last]\" aria-errormessage=\"wpforms-144-field_8-last-error\" required><label for=\"wpforms-144-field_8-last\" class=\"wpforms-field-sublabel after\">Apellidos<\/label><\/div><\/div><\/fieldset><\/div>\t\t<div id=\"wpforms-144-field_1-container\"\n\t\t\tclass=\"wpforms-field wpforms-field-text\"\n\t\t\tdata-field-type=\"text\"\n\t\t\tdata-field-id=\"1\"\n\t\t\t>\n\t\t\t<label class=\"wpforms-field-label\" for=\"wpforms-144-field_1\" >Motivo Nombre lo<\/label>\n\t\t\t<input type=\"text\" id=\"wpforms-144-field_1\" class=\"wpforms-field-medium\" name=\"wpforms[fields][1]\" >\n\t\t<\/div>\n\t\t<div id=\"wpforms-144-field_7-container\" class=\"wpforms-field wpforms-field-email\" data-field-id=\"7\"><label class=\"wpforms-field-label\" for=\"wpforms-144-field_7\">Email <span class=\"wpforms-required-label\" aria-hidden=\"true\">*<\/span><\/label><input type=\"email\" id=\"wpforms-144-field_7\" class=\"wpforms-field-medium wpforms-field-required\" name=\"wpforms[fields][7]\" spellcheck=\"false\" aria-errormessage=\"wpforms-144-field_7-error\" required><\/div><div id=\"wpforms-144-field_17-container\" class=\"wpforms-field wpforms-field-text\" data-field-id=\"17\"><label class=\"wpforms-field-label\" for=\"wpforms-144-field_17\">Numero telefonico<\/label><input type=\"text\" id=\"wpforms-144-field_17\" class=\"wpforms-field-medium\" name=\"wpforms[fields][17]\" aria-errormessage=\"wpforms-144-field_17-error\" ><\/div><div id=\"wpforms-144-field_9-container\" class=\"wpforms-field wpforms-field-select wpforms-field-select-style-classic\" data-field-id=\"9\"><label class=\"wpforms-field-label\" for=\"wpforms-144-field_9\">Motivo<\/label><select id=\"wpforms-144-field_9\" class=\"wpforms-field-medium\" name=\"wpforms[fields][9]\"><option value=\"Felicitaciones\"  class=\"choice-1 depth-1\"  >Felicitaciones<\/option><option value=\"Reclamos o sugerencias\"  class=\"choice-2 depth-1\"  >Reclamos o sugerencias<\/option><option value=\"Cotizar servicio\"  class=\"choice-3 depth-1\"  >Cotizar servicio<\/option><\/select><\/div><div id=\"wpforms-144-field_18-container\" class=\"wpforms-field wpforms-field-text\" data-field-id=\"18\"><label class=\"wpforms-field-label\" for=\"wpforms-144-field_18\">ingrese lo que necesita <span class=\"wpforms-required-label\" aria-hidden=\"true\">*<\/span><\/label><input type=\"text\" id=\"wpforms-144-field_18\" class=\"wpforms-field-medium wpforms-field-required\" name=\"wpforms[fields][18]\" aria-errormessage=\"wpforms-144-field_18-error\" aria-describedby=\"wpforms-144-field_18-description\" required><div id=\"wpforms-144-field_18-description\" class=\"wpforms-field-description\">Dependiendo de el motivo puede agregar una descripci\u00f3n y nos pondremos en contacto con usted.<\/div><\/div><script>\n\t\t\t\t( function() {\n\t\t\t\t\tconst style = document.createElement( 'style' );\n\t\t\t\t\tstyle.appendChild( document.createTextNode( '#wpforms-144-field_1-container { position: absolute !important; overflow: hidden !important; display: inline !important; height: 1px !important; width: 1px !important; z-index: -1000 !important; padding: 0 !important; } #wpforms-144-field_1-container input { visibility: hidden; } #wpforms-conversational-form-page #wpforms-144-field_1-container label { counter-increment: none; }' ) );\n\t\t\t\t\tdocument.head.appendChild( style );\n\t\t\t\t\tdocument.currentScript?.remove();\n\t\t\t\t} )();\n\t\t\t<\/script><\/div><!-- .wpforms-field-container --><div class=\"wpforms-submit-container\" ><input type=\"hidden\" name=\"wpforms[id]\" value=\"144\"><input type=\"hidden\" name=\"page_title\" value=\"\"><input type=\"hidden\" name=\"page_url\" value=\"https:\/\/www.inspeccioneschile.cl\/index.php?rest_route=\/wp\/v2\/pages\/190\"><input type=\"hidden\" name=\"url_referer\" value=\"\"><button type=\"submit\" name=\"wpforms[submit]\" id=\"wpforms-submit-144\" class=\"wpforms-submit\" data-alt-text=\"enviando correo\" data-submit-text=\"Enviar \" aria-live=\"assertive\" value=\"wpforms-submit\">Enviar <\/button><img loading=\"lazy\" decoding=\"async\" src=\"https:\/\/www.inspeccioneschile.cl\/wp-content\/plugins\/wpforms-lite\/assets\/images\/submit-spin.svg\" class=\"wpforms-submit-spinner\" style=\"display: none;\" width=\"26\" height=\"26\" alt=\"Cargando\"><\/div><\/form><\/div>  <!-- .wpforms-container -->\n\n\n<div class=\"wp-block-greenshift-blocks-row gspb_row gspb_row-id-gsbp-0b707e7\" id=\"gspb_row-id-gsbp-0b707e7\"><div class=\"gspb_row__content\">  <\/div><\/div>\n","protected":false},"excerpt":{"rendered":"<p>Si desea contactarnos Contamos con varias opciones Reclamos y Sugerencias Una ves se ingresa una queja se revisara el cual se realizara una investigaci\u00f3n al \u00e1rea para mejorar nuestros servicios. Felicitaciones Si desea felicitar nuestros servicios o alg\u00fan colaborador de esta manera nos ayuda a seguir mejorando. Cotizar Si desea una cotizaci\u00f3n de un servicio [&hellip;]<\/p>\n","protected":false},"author":1,"featured_media":0,"parent":0,"menu_order":0,"comment_status":"closed","ping_status":"closed","template":"","meta":{"_gspb_post_css":"","_crdt_document":"","footnotes":""},"class_list":["post-190","page","type-page","status-publish","hentry"],"_links":{"self":[{"href":"https:\/\/www.inspeccioneschile.cl\/index.php?rest_route=\/wp\/v2\/pages\/190","targetHints":{"allow":["GET"]}}],"collection":[{"href":"https:\/\/www.inspeccioneschile.cl\/index.php?rest_route=\/wp\/v2\/pages"}],"about":[{"href":"https:\/\/www.inspeccioneschile.cl\/index.php?rest_route=\/wp\/v2\/types\/page"}],"author":[{"embeddable":true,"href":"https:\/\/www.inspeccioneschile.cl\/index.php?rest_route=\/wp\/v2\/users\/1"}],"replies":[{"embeddable":true,"href":"https:\/\/www.inspeccioneschile.cl\/index.php?rest_route=%2Fwp%2Fv2%2Fcomments&post=190"}],"version-history":[{"count":14,"href":"https:\/\/www.inspeccioneschile.cl\/index.php?rest_route=\/wp\/v2\/pages\/190\/revisions"}],"predecessor-version":[{"id":228,"href":"https:\/\/www.inspeccioneschile.cl\/index.php?rest_route=\/wp\/v2\/pages\/190\/revisions\/228"}],"wp:attachment":[{"href":"https:\/\/www.inspeccioneschile.cl\/index.php?rest_route=%2Fwp%2Fv2%2Fmedia&parent=190"}],"curies":[{"name":"wp","href":"https:\/\/api.w.org\/{rel}","templated":true}]}}